{"id":13657,"date":"2025-07-15T07:16:03","date_gmt":"2025-07-15T07:16:03","guid":{"rendered":"http:\/\/www.lampe2x2challenge.com\/?page_id=13657"},"modified":"2026-01-19T15:27:30","modified_gmt":"2026-01-19T15:27:30","slug":"rules","status":"publish","type":"page","link":"https:\/\/www.lampe2x2challenge.com\/sv\/rules\/","title":{"rendered":"Regler"},"content":{"rendered":"<div data-elementor-type=\"wp-page\" data-elementor-id=\"13657\" class=\"elementor elementor-13657\" data-elementor-post-type=\"page\">\n\t\t\t\t<div class=\"elementor-element elementor-element-b5cc6d4 e-flex e-con-boxed e-con e-parent\" data-id=\"b5cc6d4\" data-element_type=\"container\">\n\t\t\t\t\t<div class=\"e-con-inner\">\n\t\t<div class=\"elementor-element elementor-element-4d658ec e-con-full e-flex e-con e-child\" data-id=\"4d658ec\" data-element_type=\"container\" data-settings=\"{&quot;background_background&quot;:&quot;classic&quot;}\">\n\t\t\t\t<div class=\"vamtam-has-theme-widget-styles elementor-element elementor-element-fa37ca0 elementor-widget elementor-widget-heading\" data-id=\"fa37ca0\" data-element_type=\"widget\" data-widget_type=\"heading.default\">\n\t\t\t\t<div class=\"elementor-widget-container\">\n\t\t\t\t\t<h2 class=\"elementor-heading-title elementor-size-default\">RULES AND GUIDELINES FOR THE LAMPE2X2CHALLENGE<\/h2>\t\t\t\t<\/div>\n\t\t\t\t<\/div>\n\t\t\t\t<div class=\"elementor-element elementor-element-36c41fc elementor-widget elementor-widget-text-editor\" data-id=\"36c41fc\" data-element_type=\"widget\" data-widget_type=\"text-editor.default\">\n\t\t\t\t<div class=\"elementor-widget-container\">\n\t\t\t\t\t\t\t\t\t<p>V\u00e4lkommen till L2x2C.<\/p><p>The Lampe2x2Challenge, an international 2\u00d72 basketball tournament designed for players development into 5\u00d75 basketball.<\/p><p>The Lampe2x2Challenge is a unique opportunity for players to develop their basketball skills at a rapid pace. The tournament includes both men\u2019s and women\u2019s categories and features a brad variety of age groups. Mixing 2\/3 age groups in one. Only allowing 1 player on the court from the oldest age group. Max 2 per team. This structure allows players to compete with both older and younger opponents, at all times. A crucial factor in player development.<\/p><p>I centrum f\u00f6r evenemanget st\u00e5r kommunikation - en nyckelfaktor inte bara inom idrotten utan ocks\u00e5 i livet. Deltagarna uppmuntras att ta kontakt med spelare som \u00e4r yngre eller \u00e4ldre \u00e4n de sj\u00e4lva f\u00f6r att bilda lag och delta i denna unika t\u00e4vling. Lampe2x2Challenge bygger p\u00e5 id\u00e9n om att l\u00e4ra sig genom m\u00e5ngfald, utmaningar och samarbete.<\/p><p>L2x2C har rymdregler som regeln om 5 dribblingar per bollinnehav. Detta g\u00f6r spelet v\u00e4ldigt snabbt och dynamiskt.\u00a0<\/p><p>If the ball touches the rim on a shot attempt it has to be moved out of the 3 point line in order to attack again. I recommend 0 max 1 dribbles to do so. Just like an out let pass in 5\u00d75 basketball.\u00a0<\/p><p>Om bollen inte nuddar kanten p\u00e5 ett skottf\u00f6rs\u00f6k betraktas det som en stulen boll. Beh\u00f6ver inte tas utanf\u00f6r trepo\u00e4ngslinjen. Detta fungerar bra f\u00f6r barns reaktion och koncentration.<\/p><p>Vid sidlinjen och baslinjen utanf\u00f6r spelf\u00e4ltet kan spelare spela i ett dubbelt lag med spelaren p\u00e5 planen. En annan bra aspekt av att bygga upp grunderna i basket fr\u00e5n tidig \u00e5lder.<\/p><p>Matcherna spelas till 11 po\u00e4ng mellan f\u00f6rsta och andra lag. Man m\u00e5ste vinna med 2 po\u00e4ngs marginal.\u00a0<\/p><p>Alla regler \u00e4r utformade f\u00f6r att fr\u00e4mja goda basketlagsgrunder fr\u00e5n tidig \u00e5lder.\u00a0\u00a0<\/p><p>Med 6 turneringar avgjorda i 3 l\u00e4nder Sverige, Polen och Serbien under 2025.<\/p><p>The L2x2C is growing at a rapid paste.\u00a0\u00a0<\/p><p>Platser f\u00f6r 2026 inkluderar Sverige, Danmark, Finland, Polen, Kazakstan, Dubai, Frankrike, Spanien, Serbien och andra som \u00e4r p\u00e5 g\u00e5ng.<\/p><p>Delta i detta unika evenemang som snart kommer till en plats n\u00e4ra dig.\u00a0<\/p><p>Uppriktigt<br \/>Maciej Boleslaw Lampe\u00a0<\/p>\t\t\t\t\t\t\t\t<\/div>\n\t\t\t\t<\/div>\n\t\t\t\t<div class=\"vamtam-has-theme-widget-styles elementor-element elementor-element-a01fa80 elementor-align-center elementor-widget elementor-widget-button\" data-id=\"a01fa80\" data-element_type=\"widget\" data-widget_type=\"button.default\">\n\t\t\t\t<div class=\"elementor-widget-container\">\n\t\t\t\t\t\t\t\t\t<div class=\"elementor-button-wrapper\">\n\t\t\t\t\t<a class=\"elementor-button elementor-button-link elementor-size-sm\" href=\"http:\/\/www.lampe2x2challenge.com\/sv\/register-your-team\/\">\n\t\t\t\t\t\t<span class=\"elementor-button-content-wrapper\">\n\t\t\t\t\t\t\t\t\t<span class=\"elementor-button-text\">\u00d6VERENSKOMMELSE<\/span>\n\t\t\t\t\t<\/span>\n\t\t\t\t\t<\/a>\n\t\t\t\t<\/div>\n\t\t\t\t\t\t\t\t<\/div>\n\t\t\t\t<\/div>\n\t\t\t\t<\/div>\n\t\t\t\t\t<\/div>\n\t\t\t\t<\/div>\n\t\t\t\t<\/div>","protected":false},"excerpt":{"rendered":"<p>RULES AND GUIDELINES FOR THE LAMPE2X2CHALLENGE Welcome to the L2x2C. The Lampe2x2Challenge, an international 2\u00d72 basketball tournament designed for players development into 5\u00d75 basketball. The Lampe2x2Challenge is a unique opportunity for players to develop their basketball skills at a rapid pace. The tournament includes both men\u2019s and women\u2019s categories and features a brad variety of&#8230;<\/p>","protected":false},"author":2,"featured_media":0,"parent":0,"menu_order":0,"comment_status":"closed","ping_status":"closed","template":"elementor_header_footer","meta":{"footnotes":""},"class_list":["post-13657","page","type-page","status-publish","hentry"],"yoast_head":"<!-- This site is optimized with the Yoast SEO plugin v25.3.1 - https:\/\/yoast.com\/wordpress\/plugins\/seo\/ -->\n<title>Rules - lampe2x2challenge<\/title>\n<meta name=\"robots\" content=\"index, follow, max-snippet:-1, max-image-preview:large, max-video-preview:-1\" \/>\n<link rel=\"canonical\" href=\"https:\/\/www.lampe2x2challenge.com\/sv\/rules\/\" \/>\n<meta property=\"og:locale\" content=\"sv_SE\" \/>\n<meta property=\"og:type\" content=\"article\" \/>\n<meta property=\"og:title\" content=\"Rules - lampe2x2challenge\" \/>\n<meta property=\"og:description\" content=\"RULES AND GUIDELINES FOR THE LAMPE2X2CHALLENGE Welcome to the L2x2C. The Lampe2x2Challenge, an international 2\u00d72 basketball tournament designed for players development into 5\u00d75 basketball. The Lampe2x2Challenge is a unique opportunity for players to develop their basketball skills at a rapid pace. The tournament includes both men\u2019s and women\u2019s categories and features a brad variety of...\" \/>\n<meta property=\"og:url\" content=\"https:\/\/www.lampe2x2challenge.com\/sv\/rules\/\" \/>\n<meta property=\"og:site_name\" content=\"lampe2x2challenge\" \/>\n<meta property=\"article:modified_time\" content=\"2026-01-19T15:27:30+00:00\" \/>\n<meta name=\"twitter:card\" content=\"summary_large_image\" \/>\n<meta name=\"twitter:label1\" content=\"Ber\u00e4knad l\u00e4stid\" \/>\n\t<meta name=\"twitter:data1\" content=\"3 minuter\" \/>\n<script type=\"application\/ld+json\" class=\"yoast-schema-graph\">{\"@context\":\"https:\/\/schema.org\",\"@graph\":[{\"@type\":\"WebPage\",\"@id\":\"https:\/\/www.lampe2x2challenge.com\/rules\/\",\"url\":\"https:\/\/www.lampe2x2challenge.com\/rules\/\",\"name\":\"Rules - lampe2x2challenge\",\"isPartOf\":{\"@id\":\"https:\/\/www.lampe2x2challenge.com\/#website\"},\"datePublished\":\"2025-07-15T07:16:03+00:00\",\"dateModified\":\"2026-01-19T15:27:30+00:00\",\"breadcrumb\":{\"@id\":\"https:\/\/www.lampe2x2challenge.com\/rules\/#breadcrumb\"},\"inLanguage\":\"sv-SE\",\"potentialAction\":[{\"@type\":\"ReadAction\",\"target\":[\"https:\/\/www.lampe2x2challenge.com\/rules\/\"]}]},{\"@type\":\"BreadcrumbList\",\"@id\":\"https:\/\/www.lampe2x2challenge.com\/rules\/#breadcrumb\",\"itemListElement\":[{\"@type\":\"ListItem\",\"position\":1,\"name\":\"Strona g\u0142\u00f3wna\",\"item\":\"https:\/\/www.lampe2x2challenge.com\/\"},{\"@type\":\"ListItem\",\"position\":2,\"name\":\"Rules\"}]},{\"@type\":\"WebSite\",\"@id\":\"https:\/\/www.lampe2x2challenge.com\/#website\",\"url\":\"https:\/\/www.lampe2x2challenge.com\/\",\"name\":\"lampe2x2challenge - An international basketball summer League tournament!\",\"description\":\"\",\"publisher\":{\"@id\":\"https:\/\/www.lampe2x2challenge.com\/#organization\"},\"potentialAction\":[{\"@type\":\"SearchAction\",\"target\":{\"@type\":\"EntryPoint\",\"urlTemplate\":\"https:\/\/www.lampe2x2challenge.com\/?s={search_term_string}\"},\"query-input\":{\"@type\":\"PropertyValueSpecification\",\"valueRequired\":true,\"valueName\":\"search_term_string\"}}],\"inLanguage\":\"sv-SE\"},{\"@type\":\"Organization\",\"@id\":\"https:\/\/www.lampe2x2challenge.com\/#organization\",\"name\":\"lampe2x2challenge\",\"url\":\"https:\/\/www.lampe2x2challenge.com\/\",\"logo\":{\"@type\":\"ImageObject\",\"inLanguage\":\"sv-SE\",\"@id\":\"https:\/\/www.lampe2x2challenge.com\/#\/schema\/logo\/image\/\",\"url\":\"https:\/\/www.lampe2x2challenge.com\/wp-content\/uploads\/2024\/10\/lampe2x2challenge_logo_maciej_lampe.png\",\"contentUrl\":\"https:\/\/www.lampe2x2challenge.com\/wp-content\/uploads\/2024\/10\/lampe2x2challenge_logo_maciej_lampe.png\",\"width\":1947,\"height\":1859,\"caption\":\"lampe2x2challenge\"},\"image\":{\"@id\":\"https:\/\/www.lampe2x2challenge.com\/#\/schema\/logo\/image\/\"}}]}<\/script>\n<!-- \/ Yoast SEO plugin. -->","yoast_head_json":{"title":"Rules - lampe2x2challenge","robots":{"index":"index","follow":"follow","max-snippet":"max-snippet:-1","max-image-preview":"max-image-preview:large","max-video-preview":"max-video-preview:-1"},"canonical":"https:\/\/www.lampe2x2challenge.com\/sv\/rules\/","og_locale":"sv_SE","og_type":"article","og_title":"Rules - lampe2x2challenge","og_description":"RULES AND GUIDELINES FOR THE LAMPE2X2CHALLENGE Welcome to the L2x2C. The Lampe2x2Challenge, an international 2\u00d72 basketball tournament designed for players development into 5\u00d75 basketball. The Lampe2x2Challenge is a unique opportunity for players to develop their basketball skills at a rapid pace. The tournament includes both men\u2019s and women\u2019s categories and features a brad variety of...","og_url":"https:\/\/www.lampe2x2challenge.com\/sv\/rules\/","og_site_name":"lampe2x2challenge","article_modified_time":"2026-01-19T15:27:30+00:00","twitter_card":"summary_large_image","twitter_misc":{"Ber\u00e4knad l\u00e4stid":"3 minuter"},"schema":{"@context":"https:\/\/schema.org","@graph":[{"@type":"WebPage","@id":"https:\/\/www.lampe2x2challenge.com\/rules\/","url":"https:\/\/www.lampe2x2challenge.com\/rules\/","name":"Rules - lampe2x2challenge","isPartOf":{"@id":"https:\/\/www.lampe2x2challenge.com\/#website"},"datePublished":"2025-07-15T07:16:03+00:00","dateModified":"2026-01-19T15:27:30+00:00","breadcrumb":{"@id":"https:\/\/www.lampe2x2challenge.com\/rules\/#breadcrumb"},"inLanguage":"sv-SE","potentialAction":[{"@type":"ReadAction","target":["https:\/\/www.lampe2x2challenge.com\/rules\/"]}]},{"@type":"BreadcrumbList","@id":"https:\/\/www.lampe2x2challenge.com\/rules\/#breadcrumb","itemListElement":[{"@type":"ListItem","position":1,"name":"Strona g\u0142\u00f3wna","item":"https:\/\/www.lampe2x2challenge.com\/"},{"@type":"ListItem","position":2,"name":"Rules"}]},{"@type":"WebSite","@id":"https:\/\/www.lampe2x2challenge.com\/#website","url":"https:\/\/www.lampe2x2challenge.com\/","name":"lampe2x2challenge - An international basketball summer League tournament!","description":"","publisher":{"@id":"https:\/\/www.lampe2x2challenge.com\/#organization"},"potentialAction":[{"@type":"SearchAction","target":{"@type":"EntryPoint","urlTemplate":"https:\/\/www.lampe2x2challenge.com\/?s={search_term_string}"},"query-input":{"@type":"PropertyValueSpecification","valueRequired":true,"valueName":"search_term_string"}}],"inLanguage":"sv-SE"},{"@type":"Organization","@id":"https:\/\/www.lampe2x2challenge.com\/#organization","name":"lampe2x2challenge","url":"https:\/\/www.lampe2x2challenge.com\/","logo":{"@type":"ImageObject","inLanguage":"sv-SE","@id":"https:\/\/www.lampe2x2challenge.com\/#\/schema\/logo\/image\/","url":"https:\/\/www.lampe2x2challenge.com\/wp-content\/uploads\/2024\/10\/lampe2x2challenge_logo_maciej_lampe.png","contentUrl":"https:\/\/www.lampe2x2challenge.com\/wp-content\/uploads\/2024\/10\/lampe2x2challenge_logo_maciej_lampe.png","width":1947,"height":1859,"caption":"lampe2x2challenge"},"image":{"@id":"https:\/\/www.lampe2x2challenge.com\/#\/schema\/logo\/image\/"}}]}},"_links":{"self":[{"href":"https:\/\/www.lampe2x2challenge.com\/sv\/wp-json\/wp\/v2\/pages\/13657","targetHints":{"allow":["GET"]}}],"collection":[{"href":"https:\/\/www.lampe2x2challenge.com\/sv\/wp-json\/wp\/v2\/pages"}],"about":[{"href":"https:\/\/www.lampe2x2challenge.com\/sv\/wp-json\/wp\/v2\/types\/page"}],"author":[{"embeddable":true,"href":"https:\/\/www.lampe2x2challenge.com\/sv\/wp-json\/wp\/v2\/users\/2"}],"replies":[{"embeddable":true,"href":"https:\/\/www.lampe2x2challenge.com\/sv\/wp-json\/wp\/v2\/comments?post=13657"}],"version-history":[{"count":40,"href":"https:\/\/www.lampe2x2challenge.com\/sv\/wp-json\/wp\/v2\/pages\/13657\/revisions"}],"predecessor-version":[{"id":15505,"href":"https:\/\/www.lampe2x2challenge.com\/sv\/wp-json\/wp\/v2\/pages\/13657\/revisions\/15505"}],"wp:attachment":[{"href":"https:\/\/www.lampe2x2challenge.com\/sv\/wp-json\/wp\/v2\/media?parent=13657"}],"curies":[{"name":"wp","href":"https:\/\/api.w.org\/{rel}","templated":true}]}}