{"id":13657,"date":"2025-07-15T07:16:03","date_gmt":"2025-07-15T07:16:03","guid":{"rendered":"http:\/\/www.lampe2x2challenge.com\/?page_id=13657"},"modified":"2026-01-19T15:27:30","modified_gmt":"2026-01-19T15:27:30","slug":"rules","status":"publish","type":"page","link":"https:\/\/www.lampe2x2challenge.com\/pl\/rules\/","title":{"rendered":"Zasady"},"content":{"rendered":"<div data-elementor-type=\"wp-page\" data-elementor-id=\"13657\" class=\"elementor elementor-13657\" data-elementor-post-type=\"page\">\n\t\t\t\t<div class=\"elementor-element elementor-element-b5cc6d4 e-flex e-con-boxed e-con e-parent\" data-id=\"b5cc6d4\" data-element_type=\"container\">\n\t\t\t\t\t<div class=\"e-con-inner\">\n\t\t<div class=\"elementor-element elementor-element-4d658ec e-con-full e-flex e-con e-child\" data-id=\"4d658ec\" data-element_type=\"container\" data-settings=\"{&quot;background_background&quot;:&quot;classic&quot;}\">\n\t\t\t\t<div class=\"vamtam-has-theme-widget-styles elementor-element elementor-element-fa37ca0 elementor-widget elementor-widget-heading\" data-id=\"fa37ca0\" data-element_type=\"widget\" data-widget_type=\"heading.default\">\n\t\t\t\t<div class=\"elementor-widget-container\">\n\t\t\t\t\t<h2 class=\"elementor-heading-title elementor-size-default\">RULES AND GUIDELINES FOR THE LAMPE2X2CHALLENGE<\/h2>\t\t\t\t<\/div>\n\t\t\t\t<\/div>\n\t\t\t\t<div class=\"elementor-element elementor-element-36c41fc elementor-widget elementor-widget-text-editor\" data-id=\"36c41fc\" data-element_type=\"widget\" data-widget_type=\"text-editor.default\">\n\t\t\t\t<div class=\"elementor-widget-container\">\n\t\t\t\t\t\t\t\t\t<p>Witaj na turnieju L2X2C<\/p><p>Lampe2x2Challenge to mi\u0119dzynarodowy turniej koszyk\u00f3wki 2\u00d72 maj\u0105cy na celu rozw\u00f3j graczy do gry w koszyk\u00f3wk\u0119 5\u00d75.<\/p><p>Lampe2x2Challenge to wyj\u0105tkowa okazja dla zawodnik\u00f3w, aby w szybkim tempie rozwija\u0107 swoje umiej\u0119tno\u015bci koszykarskie. Turniej obejmuje kategorie wiekowe m\u0119\u017cczyzn i kobiet, a tak\u017ce oferuje szeroki wachlarz grup wiekowych. \u0141\u0105czymy 2\/3 grupy wiekowe w jednej. Na boisku mo\u017ce przebywa\u0107 tylko jeden zawodnik z najstarszej grupy wiekowej. Maksymalnie dw\u00f3ch w dru\u017cynie. Taka struktura pozwala zawodnikom rywalizowa\u0107 zar\u00f3wno ze starszymi, jak i m\u0142odszymi przeciwnikami, przez ca\u0142y czas. To kluczowy czynnik w rozwoju zawodnik\u00f3w.<\/p><p>U podstaw wydarzenia le\u017cy komunikacja - kluczowy czynnik nie tylko w sporcie, ale tak\u017ce w \u017cyciu. Uczestnicy s\u0105 zach\u0119cani do \u0142\u0105czenia si\u0119 z m\u0142odszymi lub starszymi od siebie graczami, aby tworzy\u0107 zespo\u0142y i bra\u0107 udzia\u0142 w tej wyj\u0105tkowej rywalizacji. Lampe2x2Challenge opiera si\u0119 na idei uczenia si\u0119 poprzez r\u00f3\u017cnorodno\u015b\u0107, wyzwania i wsp\u00f3\u0142prac\u0119.<\/p><p>W L2x2C obowi\u0105zuj\u0105 specjalne zasady, takie jak zasada 5 koz\u0142\u00f3w na posiadanie pi\u0142ki. Dzi\u0119ki temu gra jest bardzo szybka i dynamiczna.\u00a0<\/p><p>Je\u015bli pi\u0142ka dotknie obr\u0119czy podczas pr\u00f3by rzutu, musi zosta\u0107 wyprowadzona poza lini\u0119 rzut\u00f3w za 3 punkty, aby m\u00f3c ponownie zaatakowa\u0107. Zalecam 0-1 drybling\u00f3w, aby to zrobi\u0107. Tak jak przy podaniu out-let w koszyk\u00f3wce 5\u00d75.\u00a0<\/p><p>Je\u015bli pi\u0142ka nie dotknie obr\u0119czy podczas pr\u00f3by rzutu, uznaje si\u0119 j\u0105 za przechwycenie. Nie musi by\u0107 wyprowadzona poza lini\u0119 rzut\u00f3w za 3 punkty. To \u015bwietnie wp\u0142ywa na reakcj\u0119 i koncentracj\u0119 dzieci.<\/p><p>W akcjach poza boiskiem i poza lini\u0105 ko\u0144cow\u0105 zawodnicy mog\u0105 podw\u00f3jnie kry\u0107 zawodnika na boisku. To kolejny wa\u017cny aspekt budowania dobrych podstaw gry w kosza od najm\u0142odszych lat.<\/p><p>Mecze rozgrywane s\u0105 do 11 punkt\u00f3w, po 1 i 2 punkty. Wygrana musi nast\u0105pi\u0107 r\u00f3\u017cnic\u0105 2 punkt\u00f3w.\u00a0<\/p><p>Wszystkie zasady zosta\u0142y opracowane tak, aby wspiera\u0107 podstawy gry w koszyk\u00f3wk\u0119 od najm\u0142odszych lat.\u00a0\u00a0<\/p><p>W roku 2025 odby\u0142o si\u0119 6 turniej\u00f3w w 3 krajach: Szwecji, Polsce i Serbii.<\/p><p>L2x2C ro\u015bnie w bardzo szybkim tempie.\u00a0\u00a0<\/p><p>W\u015br\u00f3d lokalizacji na rok 2026 znajduj\u0105 si\u0119 m.in. Szwecja, Dania, Finlandia, Polska, Kazachstan, Dubaj, Francja, Hiszpania i Serbia.<\/p><p>We\u017a udzia\u0142 w tym wyj\u0105tkowym wydarzeniu, kt\u00f3re ju\u017c wkr\u00f3tce odb\u0119dzie si\u0119 niedaleko Ciebie.\u00a0<\/p><p>Z powa\u017caniem<br \/>Maciej Boleslaw Lampe\u00a0<\/p>\t\t\t\t\t\t\t\t<\/div>\n\t\t\t\t<\/div>\n\t\t\t\t<div class=\"vamtam-has-theme-widget-styles elementor-element elementor-element-a01fa80 elementor-align-center elementor-widget elementor-widget-button\" data-id=\"a01fa80\" data-element_type=\"widget\" data-widget_type=\"button.default\">\n\t\t\t\t<div class=\"elementor-widget-container\">\n\t\t\t\t\t\t\t\t\t<div class=\"elementor-button-wrapper\">\n\t\t\t\t\t<a class=\"elementor-button elementor-button-link elementor-size-sm\" href=\"http:\/\/www.lampe2x2challenge.com\/pl\/register-your-team\/\">\n\t\t\t\t\t\t<span class=\"elementor-button-content-wrapper\">\n\t\t\t\t\t\t\t\t\t<span class=\"elementor-button-text\">ZGADZAM SI\u0118<\/span>\n\t\t\t\t\t<\/span>\n\t\t\t\t\t<\/a>\n\t\t\t\t<\/div>\n\t\t\t\t\t\t\t\t<\/div>\n\t\t\t\t<\/div>\n\t\t\t\t<\/div>\n\t\t\t\t\t<\/div>\n\t\t\t\t<\/div>\n\t\t\t\t<\/div>","protected":false},"excerpt":{"rendered":"<p>RULES AND GUIDELINES FOR THE LAMPE2X2CHALLENGE Welcome to the L2x2C. The Lampe2x2Challenge, an international 2\u00d72 basketball tournament designed for players development into 5\u00d75 basketball. The Lampe2x2Challenge is a unique opportunity for players to develop their basketball skills at a rapid pace. The tournament includes both men\u2019s and women\u2019s categories and features a brad variety of&#8230;<\/p>","protected":false},"author":2,"featured_media":0,"parent":0,"menu_order":0,"comment_status":"closed","ping_status":"closed","template":"elementor_header_footer","meta":{"footnotes":""},"class_list":["post-13657","page","type-page","status-publish","hentry"],"yoast_head":"<!-- This site is optimized with the Yoast SEO plugin v25.3.1 - https:\/\/yoast.com\/wordpress\/plugins\/seo\/ -->\n<title>Rules - lampe2x2challenge<\/title>\n<meta name=\"robots\" content=\"index, follow, max-snippet:-1, max-image-preview:large, max-video-preview:-1\" \/>\n<link rel=\"canonical\" href=\"https:\/\/www.lampe2x2challenge.com\/pl\/rules\/\" \/>\n<meta property=\"og:locale\" content=\"pl_PL\" \/>\n<meta property=\"og:type\" content=\"article\" \/>\n<meta property=\"og:title\" content=\"Rules - lampe2x2challenge\" \/>\n<meta property=\"og:description\" content=\"RULES AND GUIDELINES FOR THE LAMPE2X2CHALLENGE Welcome to the L2x2C. The Lampe2x2Challenge, an international 2\u00d72 basketball tournament designed for players development into 5\u00d75 basketball. The Lampe2x2Challenge is a unique opportunity for players to develop their basketball skills at a rapid pace. The tournament includes both men\u2019s and women\u2019s categories and features a brad variety of...\" \/>\n<meta property=\"og:url\" content=\"https:\/\/www.lampe2x2challenge.com\/pl\/rules\/\" \/>\n<meta property=\"og:site_name\" content=\"lampe2x2challenge\" \/>\n<meta property=\"article:modified_time\" content=\"2026-01-19T15:27:30+00:00\" \/>\n<meta name=\"twitter:card\" content=\"summary_large_image\" \/>\n<meta name=\"twitter:label1\" content=\"Szacowany czas czytania\" \/>\n\t<meta name=\"twitter:data1\" content=\"3 minuty\" \/>\n<script type=\"application\/ld+json\" class=\"yoast-schema-graph\">{\"@context\":\"https:\/\/schema.org\",\"@graph\":[{\"@type\":\"WebPage\",\"@id\":\"https:\/\/www.lampe2x2challenge.com\/rules\/\",\"url\":\"https:\/\/www.lampe2x2challenge.com\/rules\/\",\"name\":\"Rules - lampe2x2challenge\",\"isPartOf\":{\"@id\":\"https:\/\/www.lampe2x2challenge.com\/#website\"},\"datePublished\":\"2025-07-15T07:16:03+00:00\",\"dateModified\":\"2026-01-19T15:27:30+00:00\",\"breadcrumb\":{\"@id\":\"https:\/\/www.lampe2x2challenge.com\/rules\/#breadcrumb\"},\"inLanguage\":\"pl-PL\",\"potentialAction\":[{\"@type\":\"ReadAction\",\"target\":[\"https:\/\/www.lampe2x2challenge.com\/rules\/\"]}]},{\"@type\":\"BreadcrumbList\",\"@id\":\"https:\/\/www.lampe2x2challenge.com\/rules\/#breadcrumb\",\"itemListElement\":[{\"@type\":\"ListItem\",\"position\":1,\"name\":\"Strona g\u0142\u00f3wna\",\"item\":\"https:\/\/www.lampe2x2challenge.com\/\"},{\"@type\":\"ListItem\",\"position\":2,\"name\":\"Rules\"}]},{\"@type\":\"WebSite\",\"@id\":\"https:\/\/www.lampe2x2challenge.com\/#website\",\"url\":\"https:\/\/www.lampe2x2challenge.com\/\",\"name\":\"lampe2x2challenge - An international basketball summer League tournament!\",\"description\":\"\",\"publisher\":{\"@id\":\"https:\/\/www.lampe2x2challenge.com\/#organization\"},\"potentialAction\":[{\"@type\":\"SearchAction\",\"target\":{\"@type\":\"EntryPoint\",\"urlTemplate\":\"https:\/\/www.lampe2x2challenge.com\/?s={search_term_string}\"},\"query-input\":{\"@type\":\"PropertyValueSpecification\",\"valueRequired\":true,\"valueName\":\"search_term_string\"}}],\"inLanguage\":\"pl-PL\"},{\"@type\":\"Organization\",\"@id\":\"https:\/\/www.lampe2x2challenge.com\/#organization\",\"name\":\"lampe2x2challenge\",\"url\":\"https:\/\/www.lampe2x2challenge.com\/\",\"logo\":{\"@type\":\"ImageObject\",\"inLanguage\":\"pl-PL\",\"@id\":\"https:\/\/www.lampe2x2challenge.com\/#\/schema\/logo\/image\/\",\"url\":\"https:\/\/www.lampe2x2challenge.com\/wp-content\/uploads\/2024\/10\/lampe2x2challenge_logo_maciej_lampe.png\",\"contentUrl\":\"https:\/\/www.lampe2x2challenge.com\/wp-content\/uploads\/2024\/10\/lampe2x2challenge_logo_maciej_lampe.png\",\"width\":1947,\"height\":1859,\"caption\":\"lampe2x2challenge\"},\"image\":{\"@id\":\"https:\/\/www.lampe2x2challenge.com\/#\/schema\/logo\/image\/\"}}]}<\/script>\n<!-- \/ Yoast SEO plugin. -->","yoast_head_json":{"title":"Rules - lampe2x2challenge","robots":{"index":"index","follow":"follow","max-snippet":"max-snippet:-1","max-image-preview":"max-image-preview:large","max-video-preview":"max-video-preview:-1"},"canonical":"https:\/\/www.lampe2x2challenge.com\/pl\/rules\/","og_locale":"pl_PL","og_type":"article","og_title":"Rules - lampe2x2challenge","og_description":"RULES AND GUIDELINES FOR THE LAMPE2X2CHALLENGE Welcome to the L2x2C. The Lampe2x2Challenge, an international 2\u00d72 basketball tournament designed for players development into 5\u00d75 basketball. The Lampe2x2Challenge is a unique opportunity for players to develop their basketball skills at a rapid pace. The tournament includes both men\u2019s and women\u2019s categories and features a brad variety of...","og_url":"https:\/\/www.lampe2x2challenge.com\/pl\/rules\/","og_site_name":"lampe2x2challenge","article_modified_time":"2026-01-19T15:27:30+00:00","twitter_card":"summary_large_image","twitter_misc":{"Szacowany czas czytania":"3 minuty"},"schema":{"@context":"https:\/\/schema.org","@graph":[{"@type":"WebPage","@id":"https:\/\/www.lampe2x2challenge.com\/rules\/","url":"https:\/\/www.lampe2x2challenge.com\/rules\/","name":"Rules - lampe2x2challenge","isPartOf":{"@id":"https:\/\/www.lampe2x2challenge.com\/#website"},"datePublished":"2025-07-15T07:16:03+00:00","dateModified":"2026-01-19T15:27:30+00:00","breadcrumb":{"@id":"https:\/\/www.lampe2x2challenge.com\/rules\/#breadcrumb"},"inLanguage":"pl-PL","potentialAction":[{"@type":"ReadAction","target":["https:\/\/www.lampe2x2challenge.com\/rules\/"]}]},{"@type":"BreadcrumbList","@id":"https:\/\/www.lampe2x2challenge.com\/rules\/#breadcrumb","itemListElement":[{"@type":"ListItem","position":1,"name":"Strona g\u0142\u00f3wna","item":"https:\/\/www.lampe2x2challenge.com\/"},{"@type":"ListItem","position":2,"name":"Rules"}]},{"@type":"WebSite","@id":"https:\/\/www.lampe2x2challenge.com\/#website","url":"https:\/\/www.lampe2x2challenge.com\/","name":"lampe2x2challenge - An international basketball summer League tournament!","description":"","publisher":{"@id":"https:\/\/www.lampe2x2challenge.com\/#organization"},"potentialAction":[{"@type":"SearchAction","target":{"@type":"EntryPoint","urlTemplate":"https:\/\/www.lampe2x2challenge.com\/?s={search_term_string}"},"query-input":{"@type":"PropertyValueSpecification","valueRequired":true,"valueName":"search_term_string"}}],"inLanguage":"pl-PL"},{"@type":"Organization","@id":"https:\/\/www.lampe2x2challenge.com\/#organization","name":"lampe2x2challenge","url":"https:\/\/www.lampe2x2challenge.com\/","logo":{"@type":"ImageObject","inLanguage":"pl-PL","@id":"https:\/\/www.lampe2x2challenge.com\/#\/schema\/logo\/image\/","url":"https:\/\/www.lampe2x2challenge.com\/wp-content\/uploads\/2024\/10\/lampe2x2challenge_logo_maciej_lampe.png","contentUrl":"https:\/\/www.lampe2x2challenge.com\/wp-content\/uploads\/2024\/10\/lampe2x2challenge_logo_maciej_lampe.png","width":1947,"height":1859,"caption":"lampe2x2challenge"},"image":{"@id":"https:\/\/www.lampe2x2challenge.com\/#\/schema\/logo\/image\/"}}]}},"_links":{"self":[{"href":"https:\/\/www.lampe2x2challenge.com\/pl\/wp-json\/wp\/v2\/pages\/13657","targetHints":{"allow":["GET"]}}],"collection":[{"href":"https:\/\/www.lampe2x2challenge.com\/pl\/wp-json\/wp\/v2\/pages"}],"about":[{"href":"https:\/\/www.lampe2x2challenge.com\/pl\/wp-json\/wp\/v2\/types\/page"}],"author":[{"embeddable":true,"href":"https:\/\/www.lampe2x2challenge.com\/pl\/wp-json\/wp\/v2\/users\/2"}],"replies":[{"embeddable":true,"href":"https:\/\/www.lampe2x2challenge.com\/pl\/wp-json\/wp\/v2\/comments?post=13657"}],"version-history":[{"count":40,"href":"https:\/\/www.lampe2x2challenge.com\/pl\/wp-json\/wp\/v2\/pages\/13657\/revisions"}],"predecessor-version":[{"id":15505,"href":"https:\/\/www.lampe2x2challenge.com\/pl\/wp-json\/wp\/v2\/pages\/13657\/revisions\/15505"}],"wp:attachment":[{"href":"https:\/\/www.lampe2x2challenge.com\/pl\/wp-json\/wp\/v2\/media?parent=13657"}],"curies":[{"name":"wp","href":"https:\/\/api.w.org\/{rel}","templated":true}]}}