{"id":13154,"date":"2025-06-19T12:08:23","date_gmt":"2025-06-19T12:08:23","guid":{"rendered":"http:\/\/www.lampe2x2challenge.com\/?page_id=13154"},"modified":"2026-03-18T10:43:38","modified_gmt":"2026-03-18T10:43:38","slug":"register-your-team","status":"publish","type":"page","link":"https:\/\/www.lampe2x2challenge.com\/pl\/register-your-team\/","title":{"rendered":"Zarejestruj sw\u00f3j zesp\u00f3\u0142"},"content":{"rendered":"<div data-elementor-type=\"wp-page\" data-elementor-id=\"13154\" class=\"elementor elementor-13154\" data-elementor-post-type=\"page\">\n\t\t\t\t<div class=\"elementor-element elementor-element-6a112ce e-flex e-con-boxed e-con e-parent\" data-id=\"6a112ce\" data-element_type=\"container\" data-settings=\"{&quot;background_background&quot;:&quot;classic&quot;}\">\n\t\t\t\t\t<div class=\"e-con-inner\">\n\t\t\t\t<div class=\"elementor-element elementor-element-8a54d8f elementor-widget elementor-widget-spacer\" data-id=\"8a54d8f\" data-element_type=\"widget\" data-widget_type=\"spacer.default\">\n\t\t\t\t<div class=\"elementor-widget-container\">\n\t\t\t\t\t\t\t<div class=\"elementor-spacer\">\n\t\t\t<div class=\"elementor-spacer-inner\"><\/div>\n\t\t<\/div>\n\t\t\t\t\t\t<\/div>\n\t\t\t\t<\/div>\n\t\t\t\t<div class=\"vamtam-has-theme-widget-styles elementor-element elementor-element-41e1b00 elementor-widget elementor-widget-heading\" data-id=\"41e1b00\" data-element_type=\"widget\" data-widget_type=\"heading.default\">\n\t\t\t\t<div class=\"elementor-widget-container\">\n\t\t\t\t\t<h2 class=\"elementor-heading-title elementor-size-default\">WYBIERZ SW\u00d3J TURNIEJ<\/h2>\t\t\t\t<\/div>\n\t\t\t\t<\/div>\n\t\t\t\t<div class=\"elementor-element elementor-element-066cf91 elementor-widget elementor-widget-spacer\" data-id=\"066cf91\" data-element_type=\"widget\" data-widget_type=\"spacer.default\">\n\t\t\t\t<div class=\"elementor-widget-container\">\n\t\t\t\t\t\t\t<div class=\"elementor-spacer\">\n\t\t\t<div class=\"elementor-spacer-inner\"><\/div>\n\t\t<\/div>\n\t\t\t\t\t\t<\/div>\n\t\t\t\t<\/div>\n\t\t\t\t\t<\/div>\n\t\t\t\t<\/div>\n\t\t<div class=\"elementor-element elementor-element-10703b0 e-flex e-con-boxed e-con e-parent\" data-id=\"10703b0\" data-element_type=\"container\" data-settings=\"{&quot;background_background&quot;:&quot;classic&quot;}\">\n\t\t\t\t\t<div class=\"e-con-inner\">\n\t\t\t\t<div class=\"elementor-element elementor-element-845dbec elementor-arrows-position-inside elementor-widget elementor-widget-n-carousel\" data-id=\"845dbec\" data-element_type=\"widget\" data-settings=\"{&quot;carousel_items&quot;:[{&quot;slide_title&quot;:&quot;Slide #4&quot;,&quot;_id&quot;:&quot;d32f800&quot;},{&quot;slide_title&quot;:&quot;Slide #5&quot;,&quot;_id&quot;:&quot;737f4c1&quot;}],&quot;slides_to_show&quot;:&quot;2&quot;,&quot;slides_to_scroll&quot;:&quot;1&quot;,&quot;slides_to_show_tablet&quot;:&quot;2&quot;,&quot;slides_to_show_mobile&quot;:&quot;1&quot;,&quot;autoplay&quot;:&quot;yes&quot;,&quot;autoplay_speed&quot;:5000,&quot;pause_on_hover&quot;:&quot;yes&quot;,&quot;pause_on_interaction&quot;:&quot;yes&quot;,&quot;infinite&quot;:&quot;yes&quot;,&quot;speed&quot;:500,&quot;offset_sides&quot;:&quot;none&quot;,&quot;arrows&quot;:&quot;yes&quot;,&quot;image_spacing_custom&quot;:{&quot;unit&quot;:&quot;px&quot;,&quot;size&quot;:10,&quot;sizes&quot;:[]},&quot;image_spacing_custom_tablet&quot;:{&quot;unit&quot;:&quot;px&quot;,&quot;size&quot;:&quot;&quot;,&quot;sizes&quot;:[]},&quot;image_spacing_custom_mobile&quot;:{&quot;unit&quot;:&quot;px&quot;,&quot;size&quot;:&quot;&quot;,&quot;sizes&quot;:[]}}\" data-widget_type=\"nested-carousel.default\">\n\t\t\t\t<div class=\"elementor-widget-container\">\n\t\t\t\t\t\t\t<div class=\"e-n-carousel swiper\" role=\"region\" aria-roledescription=\"carousel\" aria-label=\"karuzela\" dir=\"ltr\">\n\t\t\t<div class=\"swiper-wrapper\" aria-live=\"off\">\n\t\t\t\t\t\t\t\t\t\t<div class=\"swiper-slide\" data-slide=\"1\" role=\"group\" aria-roledescription=\"slide\" aria-label=\"1 of 2\">\n\t\t\t\t\t\t\t<div class=\"elementor-element elementor-element-f47ebf3 e-con-full e-flex elementor-invisible e-con e-child\" data-id=\"f47ebf3\" data-element_type=\"container\" data-settings=\"{&quot;background_background&quot;:&quot;classic&quot;,&quot;animation&quot;:&quot;fadeIn&quot;}\">\n\t\t\t\t<div class=\"elementor-element elementor-element-1a0782f elementor-position-left elementor-mobile-position-left elementor-view-default elementor-vertical-align-top elementor-widget elementor-widget-icon-box\" data-id=\"1a0782f\" data-element_type=\"widget\" data-widget_type=\"icon-box.default\">\n\t\t\t\t<div class=\"elementor-widget-container\">\n\t\t\t\t\t\t\t<div class=\"elementor-icon-box-wrapper\">\n\n\t\t\t\t\t\t<div class=\"elementor-icon-box-icon\">\n\t\t\t\t<span  class=\"elementor-icon\">\n\t\t\t\t<i aria-hidden=\"true\" class=\"vamtamtheme- vamtam-theme-field\"><\/i>\t\t\t\t<\/span>\n\t\t\t<\/div>\n\t\t\t\n\t\t\t\t\t\t<div class=\"elementor-icon-box-content\">\n\n\t\t\t\t\t\t\t\t\t<p class=\"elementor-icon-box-title\">\n\t\t\t\t\t\t<span  >\n\t\t\t\t\t\t\tPolska\t\t\t\t\t\t<\/span>\n\t\t\t\t\t<\/p>\n\t\t\t\t\n\t\t\t\t\t\t\t\t\t<p class=\"elementor-icon-box-description\">\n\t\t\t\t\t\tloc: \u0141\u00f3d\u017a<br>date: 28 March\n\t\t\t\t\t<\/p>\n\t\t\t\t\n\t\t\t<\/div>\n\t\t\t\n\t\t<\/div>\n\t\t\t\t\t\t<\/div>\n\t\t\t\t<\/div>\n\t\t\t\t<div class=\"vamtam-has-theme-widget-styles elementor-element elementor-element-390c075 instructions_poopup elementor-widget elementor-widget-button\" data-id=\"390c075\" data-element_type=\"widget\" data-widget_type=\"button.default\">\n\t\t\t\t<div class=\"elementor-widget-container\">\n\t\t\t\t\t\t\t\t\t<div class=\"elementor-button-wrapper\">\n\t\t\t\t\t<a class=\"elementor-button elementor-size-sm\" role=\"button\">\n\t\t\t\t\t\t<span class=\"elementor-button-content-wrapper\">\n\t\t\t\t\t\t\t\t\t<span class=\"elementor-button-text\">Rejestracja wkr\u00f3tce<\/span>\n\t\t\t\t\t<\/span>\n\t\t\t\t\t<\/a>\n\t\t\t\t<\/div>\n\t\t\t\t\t\t\t\t<\/div>\n\t\t\t\t<\/div>\n\t\t\t\t<\/div>\n\t\t\t\t\t\t\t\t<\/div>\n\t\t\t\t\t\t\t\t\t\t\t<div class=\"swiper-slide\" data-slide=\"2\" role=\"group\" aria-roledescription=\"slide\" aria-label=\"2 of 2\">\n\t\t\t\t\t\t\t<div class=\"elementor-element elementor-element-0d16600 e-con-full e-flex elementor-invisible e-con e-child\" data-id=\"0d16600\" data-element_type=\"container\" data-settings=\"{&quot;background_background&quot;:&quot;classic&quot;,&quot;animation&quot;:&quot;fadeIn&quot;}\">\n\t\t\t\t<div class=\"elementor-element elementor-element-4bf6acf elementor-position-left elementor-mobile-position-left elementor-view-default elementor-vertical-align-top elementor-widget elementor-widget-icon-box\" data-id=\"4bf6acf\" data-element_type=\"widget\" data-widget_type=\"icon-box.default\">\n\t\t\t\t<div class=\"elementor-widget-container\">\n\t\t\t\t\t\t\t<div class=\"elementor-icon-box-wrapper\">\n\n\t\t\t\t\t\t<div class=\"elementor-icon-box-icon\">\n\t\t\t\t<span  class=\"elementor-icon\">\n\t\t\t\t<i aria-hidden=\"true\" class=\"vamtamtheme- vamtam-theme-field\"><\/i>\t\t\t\t<\/span>\n\t\t\t<\/div>\n\t\t\t\n\t\t\t\t\t\t<div class=\"elementor-icon-box-content\">\n\n\t\t\t\t\t\t\t\t\t<p class=\"elementor-icon-box-title\">\n\t\t\t\t\t\t<span  >\n\t\t\t\t\t\t\tSzwajcaria\t\t\t\t\t\t<\/span>\n\t\t\t\t\t<\/p>\n\t\t\t\t\n\t\t\t\t\t\t\t\t\t<p class=\"elementor-icon-box-description\">\n\t\t\t\t\t\tloc: Basel<br>date: 9 April\n\t\t\t\t\t<\/p>\n\t\t\t\t\n\t\t\t<\/div>\n\t\t\t\n\t\t<\/div>\n\t\t\t\t\t\t<\/div>\n\t\t\t\t<\/div>\n\t\t\t\t<div class=\"vamtam-has-theme-widget-styles elementor-element elementor-element-e78fdc4 instructions_poopup elementor-widget elementor-widget-button\" data-id=\"e78fdc4\" data-element_type=\"widget\" data-widget_type=\"button.default\">\n\t\t\t\t<div class=\"elementor-widget-container\">\n\t\t\t\t\t\t\t\t\t<div class=\"elementor-button-wrapper\">\n\t\t\t\t\t<a class=\"elementor-button elementor-size-sm\" role=\"button\">\n\t\t\t\t\t\t<span class=\"elementor-button-content-wrapper\">\n\t\t\t\t\t\t\t\t\t<span class=\"elementor-button-text\">Rejestracja wkr\u00f3tce<\/span>\n\t\t\t\t\t<\/span>\n\t\t\t\t\t<\/a>\n\t\t\t\t<\/div>\n\t\t\t\t\t\t\t\t<\/div>\n\t\t\t\t<\/div>\n\t\t\t\t<\/div>\n\t\t\t\t\t\t\t\t<\/div>\n\t\t\t\t\t\t\t\t<\/div>\n\t\t<\/div>\n\t\t\t\t\t<div class=\"elementor-swiper-button elementor-swiper-button-prev\" role=\"button\" tabindex=\"0\" aria-label=\"Poprzedni\">\n\t\t\t\t<i aria-hidden=\"true\" class=\"eicon-chevron-left\"><\/i>\t\t\t<\/div>\n\t\t\t<div class=\"elementor-swiper-button elementor-swiper-button-next\" role=\"button\" tabindex=\"0\" aria-label=\"Nast\u0119pny\">\n\t\t\t\t<i aria-hidden=\"true\" class=\"eicon-chevron-right\"><\/i>\t\t\t<\/div>\n\t\t\t\t\t\t<\/div>\n\t\t\t\t<\/div>\n\t\t\t\t\t<\/div>\n\t\t\t\t<\/div>\n\t\t<div class=\"elementor-element elementor-element-6232d43 e-flex e-con-boxed e-con e-parent\" data-id=\"6232d43\" data-element_type=\"container\" data-settings=\"{&quot;background_background&quot;:&quot;classic&quot;}\">\n\t\t\t\t\t<div class=\"e-con-inner\">\n\t\t\t\t<div class=\"elementor-element elementor-element-5773949 elementor-widget elementor-widget-spacer\" data-id=\"5773949\" data-element_type=\"widget\" data-widget_type=\"spacer.default\">\n\t\t\t\t<div class=\"elementor-widget-container\">\n\t\t\t\t\t\t\t<div class=\"elementor-spacer\">\n\t\t\t<div class=\"elementor-spacer-inner\"><\/div>\n\t\t<\/div>\n\t\t\t\t\t\t<\/div>\n\t\t\t\t<\/div>\n\t\t\t\t\t<\/div>\n\t\t\t\t<\/div>\n\t\t\t\t<\/div>","protected":false},"excerpt":{"rendered":"<p>CHOOSE YOUR TOURNAMENT Poland loc: \u0141\u00f3d\u017adate: 28 March REGISTER SOON Switzerland loc: Baseldate: 9 April REGISTER SOON Poland loc: \u0141\u00f3d\u017adate: 28 March REGISTER SOON Switzerland loc: Baseldate: 9 April REGISTER SOON<\/p>","protected":false},"author":2,"featured_media":0,"parent":0,"menu_order":0,"comment_status":"closed","ping_status":"closed","template":"elementor_header_footer","meta":{"footnotes":""},"class_list":["post-13154","page","type-page","status-publish","hentry"],"yoast_head":"<!-- This site is optimized with the Yoast SEO plugin v25.3.1 - https:\/\/yoast.com\/wordpress\/plugins\/seo\/ -->\n<title>Register your team - lampe2x2challenge<\/title>\n<meta name=\"robots\" content=\"index, follow, max-snippet:-1, max-image-preview:large, max-video-preview:-1\" \/>\n<link rel=\"canonical\" href=\"https:\/\/www.lampe2x2challenge.com\/pl\/register-your-team\/\" \/>\n<meta property=\"og:locale\" content=\"pl_PL\" \/>\n<meta property=\"og:type\" content=\"article\" \/>\n<meta property=\"og:title\" content=\"Register your team - lampe2x2challenge\" \/>\n<meta property=\"og:description\" content=\"CHOOSE YOUR TOURNAMENT Poland loc: \u0141\u00f3d\u017adate: 28 March REGISTER SOON Switzerland loc: Baseldate: 9 April REGISTER SOON Poland loc: \u0141\u00f3d\u017adate: 28 March REGISTER SOON Switzerland loc: Baseldate: 9 April REGISTER SOON\" \/>\n<meta property=\"og:url\" content=\"https:\/\/www.lampe2x2challenge.com\/pl\/register-your-team\/\" \/>\n<meta property=\"og:site_name\" content=\"lampe2x2challenge\" \/>\n<meta property=\"article:modified_time\" content=\"2026-03-18T10:43:38+00:00\" \/>\n<meta name=\"twitter:card\" content=\"summary_large_image\" \/>\n<meta name=\"twitter:label1\" content=\"Szacowany czas czytania\" \/>\n\t<meta name=\"twitter:data1\" content=\"1 minuta\" \/>\n<script type=\"application\/ld+json\" class=\"yoast-schema-graph\">{\"@context\":\"https:\/\/schema.org\",\"@graph\":[{\"@type\":\"WebPage\",\"@id\":\"https:\/\/www.lampe2x2challenge.com\/register-your-team\/\",\"url\":\"https:\/\/www.lampe2x2challenge.com\/register-your-team\/\",\"name\":\"Register your team - lampe2x2challenge\",\"isPartOf\":{\"@id\":\"https:\/\/www.lampe2x2challenge.com\/#website\"},\"datePublished\":\"2025-06-19T12:08:23+00:00\",\"dateModified\":\"2026-03-18T10:43:38+00:00\",\"breadcrumb\":{\"@id\":\"https:\/\/www.lampe2x2challenge.com\/register-your-team\/#breadcrumb\"},\"inLanguage\":\"pl-PL\",\"potentialAction\":[{\"@type\":\"ReadAction\",\"target\":[\"https:\/\/www.lampe2x2challenge.com\/register-your-team\/\"]}]},{\"@type\":\"BreadcrumbList\",\"@id\":\"https:\/\/www.lampe2x2challenge.com\/register-your-team\/#breadcrumb\",\"itemListElement\":[{\"@type\":\"ListItem\",\"position\":1,\"name\":\"Strona g\u0142\u00f3wna\",\"item\":\"https:\/\/www.lampe2x2challenge.com\/\"},{\"@type\":\"ListItem\",\"position\":2,\"name\":\"Register your team\"}]},{\"@type\":\"WebSite\",\"@id\":\"https:\/\/www.lampe2x2challenge.com\/#website\",\"url\":\"https:\/\/www.lampe2x2challenge.com\/\",\"name\":\"lampe2x2challenge - An international basketball summer League tournament!\",\"description\":\"\",\"publisher\":{\"@id\":\"https:\/\/www.lampe2x2challenge.com\/#organization\"},\"potentialAction\":[{\"@type\":\"SearchAction\",\"target\":{\"@type\":\"EntryPoint\",\"urlTemplate\":\"https:\/\/www.lampe2x2challenge.com\/?s={search_term_string}\"},\"query-input\":{\"@type\":\"PropertyValueSpecification\",\"valueRequired\":true,\"valueName\":\"search_term_string\"}}],\"inLanguage\":\"pl-PL\"},{\"@type\":\"Organization\",\"@id\":\"https:\/\/www.lampe2x2challenge.com\/#organization\",\"name\":\"lampe2x2challenge\",\"url\":\"https:\/\/www.lampe2x2challenge.com\/\",\"logo\":{\"@type\":\"ImageObject\",\"inLanguage\":\"pl-PL\",\"@id\":\"https:\/\/www.lampe2x2challenge.com\/#\/schema\/logo\/image\/\",\"url\":\"https:\/\/www.lampe2x2challenge.com\/wp-content\/uploads\/2024\/10\/lampe2x2challenge_logo_maciej_lampe.png\",\"contentUrl\":\"https:\/\/www.lampe2x2challenge.com\/wp-content\/uploads\/2024\/10\/lampe2x2challenge_logo_maciej_lampe.png\",\"width\":1947,\"height\":1859,\"caption\":\"lampe2x2challenge\"},\"image\":{\"@id\":\"https:\/\/www.lampe2x2challenge.com\/#\/schema\/logo\/image\/\"}}]}<\/script>\n<!-- \/ Yoast SEO plugin. -->","yoast_head_json":{"title":"Register your team - lampe2x2challenge","robots":{"index":"index","follow":"follow","max-snippet":"max-snippet:-1","max-image-preview":"max-image-preview:large","max-video-preview":"max-video-preview:-1"},"canonical":"https:\/\/www.lampe2x2challenge.com\/pl\/register-your-team\/","og_locale":"pl_PL","og_type":"article","og_title":"Register your team - lampe2x2challenge","og_description":"CHOOSE YOUR TOURNAMENT Poland loc: \u0141\u00f3d\u017adate: 28 March REGISTER SOON Switzerland loc: Baseldate: 9 April REGISTER SOON Poland loc: \u0141\u00f3d\u017adate: 28 March REGISTER SOON Switzerland loc: Baseldate: 9 April REGISTER SOON","og_url":"https:\/\/www.lampe2x2challenge.com\/pl\/register-your-team\/","og_site_name":"lampe2x2challenge","article_modified_time":"2026-03-18T10:43:38+00:00","twitter_card":"summary_large_image","twitter_misc":{"Szacowany czas czytania":"1 minuta"},"schema":{"@context":"https:\/\/schema.org","@graph":[{"@type":"WebPage","@id":"https:\/\/www.lampe2x2challenge.com\/register-your-team\/","url":"https:\/\/www.lampe2x2challenge.com\/register-your-team\/","name":"Register your team - lampe2x2challenge","isPartOf":{"@id":"https:\/\/www.lampe2x2challenge.com\/#website"},"datePublished":"2025-06-19T12:08:23+00:00","dateModified":"2026-03-18T10:43:38+00:00","breadcrumb":{"@id":"https:\/\/www.lampe2x2challenge.com\/register-your-team\/#breadcrumb"},"inLanguage":"pl-PL","potentialAction":[{"@type":"ReadAction","target":["https:\/\/www.lampe2x2challenge.com\/register-your-team\/"]}]},{"@type":"BreadcrumbList","@id":"https:\/\/www.lampe2x2challenge.com\/register-your-team\/#breadcrumb","itemListElement":[{"@type":"ListItem","position":1,"name":"Strona g\u0142\u00f3wna","item":"https:\/\/www.lampe2x2challenge.com\/"},{"@type":"ListItem","position":2,"name":"Register your team"}]},{"@type":"WebSite","@id":"https:\/\/www.lampe2x2challenge.com\/#website","url":"https:\/\/www.lampe2x2challenge.com\/","name":"lampe2x2challenge - An international basketball summer League tournament!","description":"","publisher":{"@id":"https:\/\/www.lampe2x2challenge.com\/#organization"},"potentialAction":[{"@type":"SearchAction","target":{"@type":"EntryPoint","urlTemplate":"https:\/\/www.lampe2x2challenge.com\/?s={search_term_string}"},"query-input":{"@type":"PropertyValueSpecification","valueRequired":true,"valueName":"search_term_string"}}],"inLanguage":"pl-PL"},{"@type":"Organization","@id":"https:\/\/www.lampe2x2challenge.com\/#organization","name":"lampe2x2challenge","url":"https:\/\/www.lampe2x2challenge.com\/","logo":{"@type":"ImageObject","inLanguage":"pl-PL","@id":"https:\/\/www.lampe2x2challenge.com\/#\/schema\/logo\/image\/","url":"https:\/\/www.lampe2x2challenge.com\/wp-content\/uploads\/2024\/10\/lampe2x2challenge_logo_maciej_lampe.png","contentUrl":"https:\/\/www.lampe2x2challenge.com\/wp-content\/uploads\/2024\/10\/lampe2x2challenge_logo_maciej_lampe.png","width":1947,"height":1859,"caption":"lampe2x2challenge"},"image":{"@id":"https:\/\/www.lampe2x2challenge.com\/#\/schema\/logo\/image\/"}}]}},"_links":{"self":[{"href":"https:\/\/www.lampe2x2challenge.com\/pl\/wp-json\/wp\/v2\/pages\/13154","targetHints":{"allow":["GET"]}}],"collection":[{"href":"https:\/\/www.lampe2x2challenge.com\/pl\/wp-json\/wp\/v2\/pages"}],"about":[{"href":"https:\/\/www.lampe2x2challenge.com\/pl\/wp-json\/wp\/v2\/types\/page"}],"author":[{"embeddable":true,"href":"https:\/\/www.lampe2x2challenge.com\/pl\/wp-json\/wp\/v2\/users\/2"}],"replies":[{"embeddable":true,"href":"https:\/\/www.lampe2x2challenge.com\/pl\/wp-json\/wp\/v2\/comments?post=13154"}],"version-history":[{"count":133,"href":"https:\/\/www.lampe2x2challenge.com\/pl\/wp-json\/wp\/v2\/pages\/13154\/revisions"}],"predecessor-version":[{"id":15594,"href":"https:\/\/www.lampe2x2challenge.com\/pl\/wp-json\/wp\/v2\/pages\/13154\/revisions\/15594"}],"wp:attachment":[{"href":"https:\/\/www.lampe2x2challenge.com\/pl\/wp-json\/wp\/v2\/media?parent=13154"}],"curies":[{"name":"wp","href":"https:\/\/api.w.org\/{rel}","templated":true}]}}