{"id":13657,"date":"2025-07-15T07:16:03","date_gmt":"2025-07-15T07:16:03","guid":{"rendered":"http:\/\/www.lampe2x2challenge.com\/?page_id=13657"},"modified":"2026-01-19T15:27:30","modified_gmt":"2026-01-19T15:27:30","slug":"rules","status":"publish","type":"page","link":"https:\/\/www.lampe2x2challenge.com\/es\/rules\/","title":{"rendered":"Reglas"},"content":{"rendered":"<div data-elementor-type=\"wp-page\" data-elementor-id=\"13657\" class=\"elementor elementor-13657\" data-elementor-post-type=\"page\">\n\t\t\t\t<div class=\"elementor-element elementor-element-b5cc6d4 e-flex e-con-boxed e-con e-parent\" data-id=\"b5cc6d4\" data-element_type=\"container\">\n\t\t\t\t\t<div class=\"e-con-inner\">\n\t\t<div class=\"elementor-element elementor-element-4d658ec e-con-full e-flex e-con e-child\" data-id=\"4d658ec\" data-element_type=\"container\" data-settings=\"{&quot;background_background&quot;:&quot;classic&quot;}\">\n\t\t\t\t<div class=\"vamtam-has-theme-widget-styles elementor-element elementor-element-fa37ca0 elementor-widget elementor-widget-heading\" data-id=\"fa37ca0\" data-element_type=\"widget\" data-widget_type=\"heading.default\">\n\t\t\t\t<div class=\"elementor-widget-container\">\n\t\t\t\t\t<h2 class=\"elementor-heading-title elementor-size-default\">RULES AND GUIDELINES FOR THE LAMPE2X2CHALLENGE<\/h2>\t\t\t\t<\/div>\n\t\t\t\t<\/div>\n\t\t\t\t<div class=\"elementor-element elementor-element-36c41fc elementor-widget elementor-widget-text-editor\" data-id=\"36c41fc\" data-element_type=\"widget\" data-widget_type=\"text-editor.default\">\n\t\t\t\t<div class=\"elementor-widget-container\">\n\t\t\t\t\t\t\t\t\t<p>Bienvenido a L2x2C.<\/p><p>The Lampe2x2Challenge, an international 2\u00d72 basketball tournament designed for players development into 5\u00d75 basketball.<\/p><p>The Lampe2x2Challenge is a unique opportunity for players to develop their basketball skills at a rapid pace. The tournament includes both men\u2019s and women\u2019s categories and features a brad variety of age groups. Mixing 2\/3 age groups in one. Only allowing 1 player on the court from the oldest age group. Max 2 per team. This structure allows players to compete with both older and younger opponents, at all times. A crucial factor in player development.<\/p><p>En el centro del evento est\u00e1 la comunicaci\u00f3n, un factor clave no s\u00f3lo en el deporte, sino tambi\u00e9n en la vida. Se anima a los participantes a ponerse en contacto con jugadores m\u00e1s j\u00f3venes o m\u00e1s mayores que ellos para formar equipos y participar en esta competici\u00f3n \u00fanica. Lampe2x2Challenge se basa en la idea de aprender a trav\u00e9s de la diversidad, el desaf\u00edo y la colaboraci\u00f3n.<\/p><p>El L2x2C cuenta con reglas espaciales, como la de los 5 regates por posesi\u00f3n. Esto hace que el juego sea muy r\u00e1pido y din\u00e1mico.\u00a0<\/p><p>If the ball touches the rim on a shot attempt it has to be moved out of the 3 point line in order to attack again. I recommend 0 max 1 dribbles to do so. Just like an out let pass in 5\u00d75 basketball.\u00a0<\/p><p>Si el bal\u00f3n no toca el aro en un intento de tiro, se considera un robo. No es necesario sacarlo de la l\u00ednea de 3 puntos. Esto favorece la reacci\u00f3n y la concentraci\u00f3n de los ni\u00f1os.<\/p><p>En jugadas fuera de banda y de l\u00ednea de fondo, los jugadores pueden hacer una doble marca al jugador en la cancha. Otro aspecto importante para desarrollar buenos fundamentos de baloncesto desde una edad temprana.<\/p><p>Los partidos se juegan a 11 puntos por equipos de 1 y de 2. Se debe ganar por una diferencia de 2 puntos.\u00a0<\/p><p>Todas las reglas est\u00e1n estructuradas para mejorar los fundamentos del baloncesto desde una edad temprana.\u00a0\u00a0<\/p><p>Con 6 torneos realizados en 3 pa\u00edses Suecia, Polonia y Serbia en 2025.<\/p><p>El L2x2C est\u00e1 creciendo a un ritmo r\u00e1pido.\u00a0\u00a0<\/p><p>Las ubicaciones para 2026 incluyen Suecia, Dinamarca, Finlandia, Polonia, Kazajst\u00e1n, Dubai, Francia, Espa\u00f1a y Serbia, entre otras en el horizonte.<\/p><p>Participe en este evento \u00fanico que llegar\u00e1 pronto a un lugar cerca de usted.\u00a0<\/p><p>Atentamente<br \/>Maciej Boleslaw Lampe\u00a0<\/p>\t\t\t\t\t\t\t\t<\/div>\n\t\t\t\t<\/div>\n\t\t\t\t<div class=\"vamtam-has-theme-widget-styles elementor-element elementor-element-a01fa80 elementor-align-center elementor-widget elementor-widget-button\" data-id=\"a01fa80\" data-element_type=\"widget\" data-widget_type=\"button.default\">\n\t\t\t\t<div class=\"elementor-widget-container\">\n\t\t\t\t\t\t\t\t\t<div class=\"elementor-button-wrapper\">\n\t\t\t\t\t<a class=\"elementor-button elementor-button-link elementor-size-sm\" href=\"http:\/\/www.lampe2x2challenge.com\/es\/register-your-team\/\">\n\t\t\t\t\t\t<span class=\"elementor-button-content-wrapper\">\n\t\t\t\t\t\t\t\t\t<span class=\"elementor-button-text\">ACUERDA<\/span>\n\t\t\t\t\t<\/span>\n\t\t\t\t\t<\/a>\n\t\t\t\t<\/div>\n\t\t\t\t\t\t\t\t<\/div>\n\t\t\t\t<\/div>\n\t\t\t\t<\/div>\n\t\t\t\t\t<\/div>\n\t\t\t\t<\/div>\n\t\t\t\t<\/div>","protected":false},"excerpt":{"rendered":"<p>RULES AND GUIDELINES FOR THE LAMPE2X2CHALLENGE Welcome to the L2x2C. The Lampe2x2Challenge, an international 2\u00d72 basketball tournament designed for players development into 5\u00d75 basketball. The Lampe2x2Challenge is a unique opportunity for players to develop their basketball skills at a rapid pace. The tournament includes both men\u2019s and women\u2019s categories and features a brad variety of&#8230;<\/p>","protected":false},"author":2,"featured_media":0,"parent":0,"menu_order":0,"comment_status":"closed","ping_status":"closed","template":"elementor_header_footer","meta":{"footnotes":""},"class_list":["post-13657","page","type-page","status-publish","hentry"],"yoast_head":"<!-- This site is optimized with the Yoast SEO plugin v25.3.1 - https:\/\/yoast.com\/wordpress\/plugins\/seo\/ -->\n<title>Rules - lampe2x2challenge<\/title>\n<meta name=\"robots\" content=\"index, follow, max-snippet:-1, max-image-preview:large, max-video-preview:-1\" \/>\n<link rel=\"canonical\" href=\"https:\/\/www.lampe2x2challenge.com\/es\/rules\/\" \/>\n<meta property=\"og:locale\" content=\"es_ES\" \/>\n<meta property=\"og:type\" content=\"article\" \/>\n<meta property=\"og:title\" content=\"Rules - lampe2x2challenge\" \/>\n<meta property=\"og:description\" content=\"RULES AND GUIDELINES FOR THE LAMPE2X2CHALLENGE Welcome to the L2x2C. The Lampe2x2Challenge, an international 2\u00d72 basketball tournament designed for players development into 5\u00d75 basketball. The Lampe2x2Challenge is a unique opportunity for players to develop their basketball skills at a rapid pace. The tournament includes both men\u2019s and women\u2019s categories and features a brad variety of...\" \/>\n<meta property=\"og:url\" content=\"https:\/\/www.lampe2x2challenge.com\/es\/rules\/\" \/>\n<meta property=\"og:site_name\" content=\"lampe2x2challenge\" \/>\n<meta property=\"article:modified_time\" content=\"2026-01-19T15:27:30+00:00\" \/>\n<meta name=\"twitter:card\" content=\"summary_large_image\" \/>\n<meta name=\"twitter:label1\" content=\"Tiempo de lectura\" \/>\n\t<meta name=\"twitter:data1\" content=\"3 minutos\" \/>\n<script type=\"application\/ld+json\" class=\"yoast-schema-graph\">{\"@context\":\"https:\/\/schema.org\",\"@graph\":[{\"@type\":\"WebPage\",\"@id\":\"https:\/\/www.lampe2x2challenge.com\/rules\/\",\"url\":\"https:\/\/www.lampe2x2challenge.com\/rules\/\",\"name\":\"Rules - lampe2x2challenge\",\"isPartOf\":{\"@id\":\"https:\/\/www.lampe2x2challenge.com\/#website\"},\"datePublished\":\"2025-07-15T07:16:03+00:00\",\"dateModified\":\"2026-01-19T15:27:30+00:00\",\"breadcrumb\":{\"@id\":\"https:\/\/www.lampe2x2challenge.com\/rules\/#breadcrumb\"},\"inLanguage\":\"es\",\"potentialAction\":[{\"@type\":\"ReadAction\",\"target\":[\"https:\/\/www.lampe2x2challenge.com\/rules\/\"]}]},{\"@type\":\"BreadcrumbList\",\"@id\":\"https:\/\/www.lampe2x2challenge.com\/rules\/#breadcrumb\",\"itemListElement\":[{\"@type\":\"ListItem\",\"position\":1,\"name\":\"Strona g\u0142\u00f3wna\",\"item\":\"https:\/\/www.lampe2x2challenge.com\/\"},{\"@type\":\"ListItem\",\"position\":2,\"name\":\"Rules\"}]},{\"@type\":\"WebSite\",\"@id\":\"https:\/\/www.lampe2x2challenge.com\/#website\",\"url\":\"https:\/\/www.lampe2x2challenge.com\/\",\"name\":\"lampe2x2challenge - An international basketball summer League tournament!\",\"description\":\"\",\"publisher\":{\"@id\":\"https:\/\/www.lampe2x2challenge.com\/#organization\"},\"potentialAction\":[{\"@type\":\"SearchAction\",\"target\":{\"@type\":\"EntryPoint\",\"urlTemplate\":\"https:\/\/www.lampe2x2challenge.com\/?s={search_term_string}\"},\"query-input\":{\"@type\":\"PropertyValueSpecification\",\"valueRequired\":true,\"valueName\":\"search_term_string\"}}],\"inLanguage\":\"es\"},{\"@type\":\"Organization\",\"@id\":\"https:\/\/www.lampe2x2challenge.com\/#organization\",\"name\":\"lampe2x2challenge\",\"url\":\"https:\/\/www.lampe2x2challenge.com\/\",\"logo\":{\"@type\":\"ImageObject\",\"inLanguage\":\"es\",\"@id\":\"https:\/\/www.lampe2x2challenge.com\/#\/schema\/logo\/image\/\",\"url\":\"https:\/\/www.lampe2x2challenge.com\/wp-content\/uploads\/2024\/10\/lampe2x2challenge_logo_maciej_lampe.png\",\"contentUrl\":\"https:\/\/www.lampe2x2challenge.com\/wp-content\/uploads\/2024\/10\/lampe2x2challenge_logo_maciej_lampe.png\",\"width\":1947,\"height\":1859,\"caption\":\"lampe2x2challenge\"},\"image\":{\"@id\":\"https:\/\/www.lampe2x2challenge.com\/#\/schema\/logo\/image\/\"}}]}<\/script>\n<!-- \/ Yoast SEO plugin. -->","yoast_head_json":{"title":"Rules - lampe2x2challenge","robots":{"index":"index","follow":"follow","max-snippet":"max-snippet:-1","max-image-preview":"max-image-preview:large","max-video-preview":"max-video-preview:-1"},"canonical":"https:\/\/www.lampe2x2challenge.com\/es\/rules\/","og_locale":"es_ES","og_type":"article","og_title":"Rules - lampe2x2challenge","og_description":"RULES AND GUIDELINES FOR THE LAMPE2X2CHALLENGE Welcome to the L2x2C. The Lampe2x2Challenge, an international 2\u00d72 basketball tournament designed for players development into 5\u00d75 basketball. The Lampe2x2Challenge is a unique opportunity for players to develop their basketball skills at a rapid pace. The tournament includes both men\u2019s and women\u2019s categories and features a brad variety of...","og_url":"https:\/\/www.lampe2x2challenge.com\/es\/rules\/","og_site_name":"lampe2x2challenge","article_modified_time":"2026-01-19T15:27:30+00:00","twitter_card":"summary_large_image","twitter_misc":{"Tiempo de lectura":"3 minutos"},"schema":{"@context":"https:\/\/schema.org","@graph":[{"@type":"WebPage","@id":"https:\/\/www.lampe2x2challenge.com\/rules\/","url":"https:\/\/www.lampe2x2challenge.com\/rules\/","name":"Rules - lampe2x2challenge","isPartOf":{"@id":"https:\/\/www.lampe2x2challenge.com\/#website"},"datePublished":"2025-07-15T07:16:03+00:00","dateModified":"2026-01-19T15:27:30+00:00","breadcrumb":{"@id":"https:\/\/www.lampe2x2challenge.com\/rules\/#breadcrumb"},"inLanguage":"es","potentialAction":[{"@type":"ReadAction","target":["https:\/\/www.lampe2x2challenge.com\/rules\/"]}]},{"@type":"BreadcrumbList","@id":"https:\/\/www.lampe2x2challenge.com\/rules\/#breadcrumb","itemListElement":[{"@type":"ListItem","position":1,"name":"Strona g\u0142\u00f3wna","item":"https:\/\/www.lampe2x2challenge.com\/"},{"@type":"ListItem","position":2,"name":"Rules"}]},{"@type":"WebSite","@id":"https:\/\/www.lampe2x2challenge.com\/#website","url":"https:\/\/www.lampe2x2challenge.com\/","name":"lampe2x2challenge - An international basketball summer League tournament!","description":"","publisher":{"@id":"https:\/\/www.lampe2x2challenge.com\/#organization"},"potentialAction":[{"@type":"SearchAction","target":{"@type":"EntryPoint","urlTemplate":"https:\/\/www.lampe2x2challenge.com\/?s={search_term_string}"},"query-input":{"@type":"PropertyValueSpecification","valueRequired":true,"valueName":"search_term_string"}}],"inLanguage":"es"},{"@type":"Organization","@id":"https:\/\/www.lampe2x2challenge.com\/#organization","name":"lampe2x2challenge","url":"https:\/\/www.lampe2x2challenge.com\/","logo":{"@type":"ImageObject","inLanguage":"es","@id":"https:\/\/www.lampe2x2challenge.com\/#\/schema\/logo\/image\/","url":"https:\/\/www.lampe2x2challenge.com\/wp-content\/uploads\/2024\/10\/lampe2x2challenge_logo_maciej_lampe.png","contentUrl":"https:\/\/www.lampe2x2challenge.com\/wp-content\/uploads\/2024\/10\/lampe2x2challenge_logo_maciej_lampe.png","width":1947,"height":1859,"caption":"lampe2x2challenge"},"image":{"@id":"https:\/\/www.lampe2x2challenge.com\/#\/schema\/logo\/image\/"}}]}},"_links":{"self":[{"href":"https:\/\/www.lampe2x2challenge.com\/es\/wp-json\/wp\/v2\/pages\/13657","targetHints":{"allow":["GET"]}}],"collection":[{"href":"https:\/\/www.lampe2x2challenge.com\/es\/wp-json\/wp\/v2\/pages"}],"about":[{"href":"https:\/\/www.lampe2x2challenge.com\/es\/wp-json\/wp\/v2\/types\/page"}],"author":[{"embeddable":true,"href":"https:\/\/www.lampe2x2challenge.com\/es\/wp-json\/wp\/v2\/users\/2"}],"replies":[{"embeddable":true,"href":"https:\/\/www.lampe2x2challenge.com\/es\/wp-json\/wp\/v2\/comments?post=13657"}],"version-history":[{"count":40,"href":"https:\/\/www.lampe2x2challenge.com\/es\/wp-json\/wp\/v2\/pages\/13657\/revisions"}],"predecessor-version":[{"id":15505,"href":"https:\/\/www.lampe2x2challenge.com\/es\/wp-json\/wp\/v2\/pages\/13657\/revisions\/15505"}],"wp:attachment":[{"href":"https:\/\/www.lampe2x2challenge.com\/es\/wp-json\/wp\/v2\/media?parent=13657"}],"curies":[{"name":"wp","href":"https:\/\/api.w.org\/{rel}","templated":true}]}}